{"id":5391,"date":"2023-07-06T09:02:28","date_gmt":"2023-07-06T09:02:28","guid":{"rendered":"https:\/\/www.adsmethod.com\/demolar\/belediye\/3\/?page_id=5391"},"modified":"2024-07-29T11:38:27","modified_gmt":"2024-07-29T08:38:27","slug":"departments","status":"publish","type":"page","link":"https:\/\/www.adsmethod.com\/demolar\/belediye\/3\/departments\/","title":{"rendered":"Departments"},"content":{"rendered":"\t\t<div data-elementor-type=\"wp-page\" data-elementor-id=\"5391\" class=\"elementor elementor-5391\">\n\t\t\t\t\t\t<section class=\"elementor-section elementor-top-section elementor-element elementor-element-8623cea elementor-section-boxed elementor-section-height-default elementor-section-height-default\" data-id=\"8623cea\" data-element_type=\"section\">\n\t\t\t\t\t\t<div class=\"elementor-container elementor-column-gap-default\">\n\t\t\t\t\t<div class=\"elementor-column elementor-col-100 elementor-top-column elementor-element elementor-element-5c7a83a\" data-id=\"5c7a83a\" data-element_type=\"column\">\n\t\t\t<div class=\"elementor-widget-wrap elementor-element-populated\">\n\t\t\t\t\t\t<div class=\"elementor-element elementor-element-78e0480 elementor-widget elementor-widget-ova_archive_dep\" data-id=\"78e0480\" data-element_type=\"widget\" data-widget_type=\"ova_archive_dep.default\">\n\t\t\t\t<div class=\"elementor-widget-container\">\n\t\t\t\n\n<div class=\"ova_archive_dep\">\n\n\t<div class=\"content two_column template2\">\n\n\t\t\t\t\t\n\t<div class=\"ova-item-department\">\n\n\t\t\t\t\t<div class=\"ova-media\">\n\t\t\t\t<a href=\"https:\/\/www.adsmethod.com\/demolar\/belediye\/3\/ova_dep\/kariyer-danismanligi\/\">\n\t\t\t\t\t<img decoding=\"async\" src=\"https:\/\/www.adsmethod.com\/demolar\/belediye\/3\/wp-content\/uploads\/2023\/06\/department-08-520x360.jpg\" alt=\"Kariyer Dan\u0131\u015fmanl\u0131\u011f\u0131\">\n\t\t\t\t<\/a>\n\t\t\t\t\t\t\t\t\t<a class=\"readmore\" href=\"https:\/\/www.adsmethod.com\/demolar\/belediye\/3\/ova_dep\/kariyer-danismanligi\/\" >\n\t\t\t\t\t\t<span class=\"text-button\">\n\t\t\t\t\t\t\tRead more\t\t\t\t\t\t<\/span>\n\t\t\t\t\t\t<i aria-hidden=\"true\" class=\"gimonticon gimonticon-right\"><\/i>\n\t\t\t\t\t<\/a>\n\t\t\t\t\t\t\t<\/div>\n\t\t\n\t\t<div class=\"ova-content\">\n\t\t\t\t\t\t\t<div class=\"icon\">\n\t\t\t\t\t<i class=\"gimonticon-briefcase\" aria-hidden=\"true\"><\/i>\n\t\t\t\t<\/div>\n\t\t\t\n\t\t\t\t\t\t\t<h2 class=\"title\">\n\t\t\t\t\t<a class=\"second_font\" href=\"https:\/\/www.adsmethod.com\/demolar\/belediye\/3\/ova_dep\/kariyer-danismanligi\/\">\n\t\t\t\t\t\tKariyer Dan\u0131\u015fmanl\u0131\u011f\u0131\t\t\t\t\t<\/a>\n\t\t\t\t<\/h2>\n\t\t\t\n\t\t\t\t\t\t\t<p class=\"description\">\n\t\t\t\t\tCity employment issue opportunities are position descriptions are listed.\t\t\t\t<\/p>\n\t\t\t\n\t\t<\/div>\n\n\t<\/div>\t\t\t\t\t\n\t<div class=\"ova-item-department\">\n\n\t\t\t\t\t<div class=\"ova-media\">\n\t\t\t\t<a href=\"https:\/\/www.adsmethod.com\/demolar\/belediye\/3\/ova_dep\/yerel-esnaf-ve-sanatkarlar\/\">\n\t\t\t\t\t<img decoding=\"async\" src=\"https:\/\/www.adsmethod.com\/demolar\/belediye\/3\/wp-content\/uploads\/2023\/06\/department-07-520x360.jpg\" alt=\"Yerel Esnaf ve Sanatkarlar\">\n\t\t\t\t<\/a>\n\t\t\t\t\t\t\t\t\t<a class=\"readmore\" href=\"https:\/\/www.adsmethod.com\/demolar\/belediye\/3\/ova_dep\/yerel-esnaf-ve-sanatkarlar\/\" >\n\t\t\t\t\t\t<span class=\"text-button\">\n\t\t\t\t\t\t\tRead more\t\t\t\t\t\t<\/span>\n\t\t\t\t\t\t<i aria-hidden=\"true\" class=\"gimonticon gimonticon-right\"><\/i>\n\t\t\t\t\t<\/a>\n\t\t\t\t\t\t\t<\/div>\n\t\t\n\t\t<div class=\"ova-content\">\n\t\t\t\t\t\t\t<div class=\"icon\">\n\t\t\t\t\t<i class=\"gimonticon-industry\" aria-hidden=\"true\"><\/i>\n\t\t\t\t<\/div>\n\t\t\t\n\t\t\t\t\t\t\t<h2 class=\"title\">\n\t\t\t\t\t<a class=\"second_font\" href=\"https:\/\/www.adsmethod.com\/demolar\/belediye\/3\/ova_dep\/yerel-esnaf-ve-sanatkarlar\/\">\n\t\t\t\t\t\tYerel Esnaf ve Sanatkarlar\t\t\t\t\t<\/a>\n\t\t\t\t<\/h2>\n\t\t\t\n\t\t\t\t\t\t\t<p class=\"description\">\n\t\t\t\t\tCity employment issue opportunities are position descriptions are listed.\t\t\t\t<\/p>\n\t\t\t\n\t\t<\/div>\n\n\t<\/div>\t\t\t\t\t\n\t<div class=\"ova-item-department\">\n\n\t\t\t\t\t<div class=\"ova-media\">\n\t\t\t\t<a href=\"https:\/\/www.adsmethod.com\/demolar\/belediye\/3\/ova_dep\/toplu-tasima-hizmetleri\/\">\n\t\t\t\t\t<img decoding=\"async\" src=\"https:\/\/www.adsmethod.com\/demolar\/belediye\/3\/wp-content\/uploads\/2023\/06\/department-06-520x360.jpg\" alt=\"Toplu Ta\u015f\u0131ma Hizmetleri\">\n\t\t\t\t<\/a>\n\t\t\t\t\t\t\t\t\t<a class=\"readmore\" href=\"https:\/\/www.adsmethod.com\/demolar\/belediye\/3\/ova_dep\/toplu-tasima-hizmetleri\/\" >\n\t\t\t\t\t\t<span class=\"text-button\">\n\t\t\t\t\t\t\tRead more\t\t\t\t\t\t<\/span>\n\t\t\t\t\t\t<i aria-hidden=\"true\" class=\"gimonticon gimonticon-right\"><\/i>\n\t\t\t\t\t<\/a>\n\t\t\t\t\t\t\t<\/div>\n\t\t\n\t\t<div class=\"ova-content\">\n\t\t\t\t\t\t\t<div class=\"icon\">\n\t\t\t\t\t<i class=\"gimonticon-bus\" aria-hidden=\"true\"><\/i>\n\t\t\t\t<\/div>\n\t\t\t\n\t\t\t\t\t\t\t<h2 class=\"title\">\n\t\t\t\t\t<a class=\"second_font\" href=\"https:\/\/www.adsmethod.com\/demolar\/belediye\/3\/ova_dep\/toplu-tasima-hizmetleri\/\">\n\t\t\t\t\t\tToplu Ta\u015f\u0131ma Hizmetleri\t\t\t\t\t<\/a>\n\t\t\t\t<\/h2>\n\t\t\t\n\t\t\t\t\t\t\t<p class=\"description\">\n\t\t\t\t\tCity employment issue opportunities are position descriptions are listed.\t\t\t\t<\/p>\n\t\t\t\n\t\t<\/div>\n\n\t<\/div>\t\t\t\t\t\n\t<div class=\"ova-item-department\">\n\n\t\t\t\t\t<div class=\"ova-media\">\n\t\t\t\t<a href=\"https:\/\/www.adsmethod.com\/demolar\/belediye\/3\/ova_dep\/kulturel-etkinlikler\/\">\n\t\t\t\t\t<img decoding=\"async\" src=\"https:\/\/www.adsmethod.com\/demolar\/belediye\/3\/wp-content\/uploads\/2023\/06\/department-05-520x360.jpg\" alt=\"K\u00fclt\u00fcrel Etkinlikler\">\n\t\t\t\t<\/a>\n\t\t\t\t\t\t\t\t\t<a class=\"readmore\" href=\"https:\/\/www.adsmethod.com\/demolar\/belediye\/3\/ova_dep\/kulturel-etkinlikler\/\" >\n\t\t\t\t\t\t<span class=\"text-button\">\n\t\t\t\t\t\t\tRead more\t\t\t\t\t\t<\/span>\n\t\t\t\t\t\t<i aria-hidden=\"true\" class=\"gimonticon gimonticon-right\"><\/i>\n\t\t\t\t\t<\/a>\n\t\t\t\t\t\t\t<\/div>\n\t\t\n\t\t<div class=\"ova-content\">\n\t\t\t\t\t\t\t<div class=\"icon\">\n\t\t\t\t\t<i class=\"gimonticon-lotus\" aria-hidden=\"true\"><\/i>\n\t\t\t\t<\/div>\n\t\t\t\n\t\t\t\t\t\t\t<h2 class=\"title\">\n\t\t\t\t\t<a class=\"second_font\" href=\"https:\/\/www.adsmethod.com\/demolar\/belediye\/3\/ova_dep\/kulturel-etkinlikler\/\">\n\t\t\t\t\t\tK\u00fclt\u00fcrel Etkinlikler\t\t\t\t\t<\/a>\n\t\t\t\t<\/h2>\n\t\t\t\n\t\t\t\t\t\t\t<p class=\"description\">\n\t\t\t\t\tCity employment issue opportunities are position descriptions are listed.\t\t\t\t<\/p>\n\t\t\t\n\t\t<\/div>\n\n\t<\/div>\t\t\t\t\t\n\t<div class=\"ova-item-department\">\n\n\t\t\t\t\t<div class=\"ova-media\">\n\t\t\t\t<a href=\"https:\/\/www.adsmethod.com\/demolar\/belediye\/3\/ova_dep\/aile-sagligi-merkezleri\/\">\n\t\t\t\t\t<img decoding=\"async\" src=\"https:\/\/www.adsmethod.com\/demolar\/belediye\/3\/wp-content\/uploads\/2023\/06\/department-04-520x360.jpg\" alt=\"Aile Sa\u011fl\u0131\u011f\u0131 Merkezleri\">\n\t\t\t\t<\/a>\n\t\t\t\t\t\t\t\t\t<a class=\"readmore\" href=\"https:\/\/www.adsmethod.com\/demolar\/belediye\/3\/ova_dep\/aile-sagligi-merkezleri\/\" >\n\t\t\t\t\t\t<span class=\"text-button\">\n\t\t\t\t\t\t\tRead more\t\t\t\t\t\t<\/span>\n\t\t\t\t\t\t<i aria-hidden=\"true\" class=\"gimonticon gimonticon-right\"><\/i>\n\t\t\t\t\t<\/a>\n\t\t\t\t\t\t\t<\/div>\n\t\t\n\t\t<div class=\"ova-content\">\n\t\t\t\t\t\t\t<div class=\"icon\">\n\t\t\t\t\t<i class=\"gimonticon-big-house\" aria-hidden=\"true\"><\/i>\n\t\t\t\t<\/div>\n\t\t\t\n\t\t\t\t\t\t\t<h2 class=\"title\">\n\t\t\t\t\t<a class=\"second_font\" href=\"https:\/\/www.adsmethod.com\/demolar\/belediye\/3\/ova_dep\/aile-sagligi-merkezleri\/\">\n\t\t\t\t\t\tAile Sa\u011fl\u0131\u011f\u0131 Merkezleri\t\t\t\t\t<\/a>\n\t\t\t\t<\/h2>\n\t\t\t\n\t\t\t\t\t\t\t<p class=\"description\">\n\t\t\t\t\tCity employment issue opportunities are position descriptions are listed.\t\t\t\t<\/p>\n\t\t\t\n\t\t<\/div>\n\n\t<\/div>\t\t\t\t\t\n\t<div class=\"ova-item-department\">\n\n\t\t\t\t\t<div class=\"ova-media\">\n\t\t\t\t<a href=\"https:\/\/www.adsmethod.com\/demolar\/belediye\/3\/ova_dep\/acil-durum-hizmetleri\/\">\n\t\t\t\t\t<img decoding=\"async\" src=\"https:\/\/www.adsmethod.com\/demolar\/belediye\/3\/wp-content\/uploads\/2023\/06\/department-03-520x360.jpg\" alt=\"Acil Durum Hizmetleri\">\n\t\t\t\t<\/a>\n\t\t\t\t\t\t\t\t\t<a class=\"readmore\" href=\"https:\/\/www.adsmethod.com\/demolar\/belediye\/3\/ova_dep\/acil-durum-hizmetleri\/\" >\n\t\t\t\t\t\t<span class=\"text-button\">\n\t\t\t\t\t\t\tRead more\t\t\t\t\t\t<\/span>\n\t\t\t\t\t\t<i aria-hidden=\"true\" class=\"gimonticon gimonticon-right\"><\/i>\n\t\t\t\t\t<\/a>\n\t\t\t\t\t\t\t<\/div>\n\t\t\n\t\t<div class=\"ova-content\">\n\t\t\t\t\t\t\t<div class=\"icon\">\n\t\t\t\t\t<i class=\"fas fa-heartbeat\" aria-hidden=\"true\"><\/i>\n\t\t\t\t<\/div>\n\t\t\t\n\t\t\t\t\t\t\t<h2 class=\"title\">\n\t\t\t\t\t<a class=\"second_font\" href=\"https:\/\/www.adsmethod.com\/demolar\/belediye\/3\/ova_dep\/acil-durum-hizmetleri\/\">\n\t\t\t\t\t\tAcil Durum Hizmetleri\t\t\t\t\t<\/a>\n\t\t\t\t<\/h2>\n\t\t\t\n\t\t\t\t\t\t\t<p class=\"description\">\n\t\t\t\t\tCity employment issue opportunities are position descriptions are listed.\t\t\t\t<\/p>\n\t\t\t\n\t\t<\/div>\n\n\t<\/div>\t\t\t\t\t\n\t<div class=\"ova-item-department\">\n\n\t\t\t\t\t<div class=\"ova-media\">\n\t\t\t\t<a href=\"https:\/\/www.adsmethod.com\/demolar\/belediye\/3\/ova_dep\/tuketici-haklari\/\">\n\t\t\t\t\t<img decoding=\"async\" src=\"https:\/\/www.adsmethod.com\/demolar\/belediye\/3\/wp-content\/uploads\/2023\/06\/department-02-520x360.jpg\" alt=\"T\u00fcketici Haklar\u0131\">\n\t\t\t\t<\/a>\n\t\t\t\t\t\t\t\t\t<a class=\"readmore\" href=\"https:\/\/www.adsmethod.com\/demolar\/belediye\/3\/ova_dep\/tuketici-haklari\/\" >\n\t\t\t\t\t\t<span class=\"text-button\">\n\t\t\t\t\t\t\tRead more\t\t\t\t\t\t<\/span>\n\t\t\t\t\t\t<i aria-hidden=\"true\" class=\"gimonticon gimonticon-right\"><\/i>\n\t\t\t\t\t<\/a>\n\t\t\t\t\t\t\t<\/div>\n\t\t\n\t\t<div class=\"ova-content\">\n\t\t\t\t\t\t\t<div class=\"icon\">\n\t\t\t\t\t<i class=\"fas fa-balance-scale\" aria-hidden=\"true\"><\/i>\n\t\t\t\t<\/div>\n\t\t\t\n\t\t\t\t\t\t\t<h2 class=\"title\">\n\t\t\t\t\t<a class=\"second_font\" href=\"https:\/\/www.adsmethod.com\/demolar\/belediye\/3\/ova_dep\/tuketici-haklari\/\">\n\t\t\t\t\t\tT\u00fcketici Haklar\u0131\t\t\t\t\t<\/a>\n\t\t\t\t<\/h2>\n\t\t\t\n\t\t\t\t\t\t\t<p class=\"description\">\n\t\t\t\t\tCity employment issue opportunities are position descriptions are listed.\t\t\t\t<\/p>\n\t\t\t\n\t\t<\/div>\n\n\t<\/div>\t\t\t\t\t\n\t<div class=\"ova-item-department\">\n\n\t\t\t\t\t<div class=\"ova-media\">\n\t\t\t\t<a href=\"https:\/\/www.adsmethod.com\/demolar\/belediye\/3\/ova_dep\/geri-donusum-programlari\/\">\n\t\t\t\t\t<img decoding=\"async\" src=\"https:\/\/www.adsmethod.com\/demolar\/belediye\/3\/wp-content\/uploads\/2023\/06\/department-01-520x360.jpg\" alt=\"Geri D\u00f6n\u00fc\u015f\u00fcm Programlar\u0131\">\n\t\t\t\t<\/a>\n\t\t\t\t\t\t\t\t\t<a class=\"readmore\" href=\"https:\/\/www.adsmethod.com\/demolar\/belediye\/3\/ova_dep\/geri-donusum-programlari\/\" >\n\t\t\t\t\t\t<span class=\"text-button\">\n\t\t\t\t\t\t\tRead more\t\t\t\t\t\t<\/span>\n\t\t\t\t\t\t<i aria-hidden=\"true\" class=\"gimonticon gimonticon-right\"><\/i>\n\t\t\t\t\t<\/a>\n\t\t\t\t\t\t\t<\/div>\n\t\t\n\t\t<div class=\"ova-content\">\n\t\t\t\t\t\t\t<div class=\"icon\">\n\t\t\t\t\t<i class=\"fas fa-recycle\" aria-hidden=\"true\"><\/i>\n\t\t\t\t<\/div>\n\t\t\t\n\t\t\t\t\t\t\t<h2 class=\"title\">\n\t\t\t\t\t<a class=\"second_font\" href=\"https:\/\/www.adsmethod.com\/demolar\/belediye\/3\/ova_dep\/geri-donusum-programlari\/\">\n\t\t\t\t\t\tGeri D\u00f6n\u00fc\u015f\u00fcm Programlar\u0131\t\t\t\t\t<\/a>\n\t\t\t\t<\/h2>\n\t\t\t\n\t\t\t\t\t\t\t<p class=\"description\">\n\t\t\t\t\tCity employment issue opportunities are position descriptions are listed.\t\t\t\t<\/p>\n\t\t\t\n\t\t<\/div>\n\n\t<\/div>\t\t\n\t<\/div>\n\n<\/div>\n\n\t\t<\/div>\n\t\t\t\t<\/div>\n\t\t\t\t\t<\/div>\n\t\t<\/div>\n\t\t\t\t\t<\/div>\n\t\t<\/section>\n\t\t\t\t<\/div>\n\t\t","protected":false},"excerpt":{"rendered":"<p>Read more Jobs &amp; Unemployment City employment issue opportunities are position descriptions are listed. Read more Business &amp; Industry City employment issue opportunities are position descriptions are listed. Read more Roads &amp; Transport City employment issue opportunities are position descriptions are listed. Read more Culture &amp; Recreation City employment issue opportunities are position descriptions are [&hellip;]<\/p>\n","protected":false},"author":1,"featured_media":0,"parent":0,"menu_order":0,"comment_status":"closed","ping_status":"closed","template":"elementor_header_footer","meta":{"footnotes":""},"class_list":["post-5391","page","type-page","status-publish","hentry"],"_links":{"self":[{"href":"https:\/\/www.adsmethod.com\/demolar\/belediye\/3\/wp-json\/wp\/v2\/pages\/5391","targetHints":{"allow":["GET"]}}],"collection":[{"href":"https:\/\/www.adsmethod.com\/demolar\/belediye\/3\/wp-json\/wp\/v2\/pages"}],"about":[{"href":"https:\/\/www.adsmethod.com\/demolar\/belediye\/3\/wp-json\/wp\/v2\/types\/page"}],"author":[{"embeddable":true,"href":"https:\/\/www.adsmethod.com\/demolar\/belediye\/3\/wp-json\/wp\/v2\/users\/1"}],"replies":[{"embeddable":true,"href":"https:\/\/www.adsmethod.com\/demolar\/belediye\/3\/wp-json\/wp\/v2\/comments?post=5391"}],"version-history":[{"count":1,"href":"https:\/\/www.adsmethod.com\/demolar\/belediye\/3\/wp-json\/wp\/v2\/pages\/5391\/revisions"}],"predecessor-version":[{"id":18895,"href":"https:\/\/www.adsmethod.com\/demolar\/belediye\/3\/wp-json\/wp\/v2\/pages\/5391\/revisions\/18895"}],"wp:attachment":[{"href":"https:\/\/www.adsmethod.com\/demolar\/belediye\/3\/wp-json\/wp\/v2\/media?parent=5391"}],"curies":[{"name":"wp","href":"https:\/\/api.w.org\/{rel}","templated":true}]}}