{"id":5713,"date":"2023-09-20T02:06:57","date_gmt":"2023-09-20T02:06:57","guid":{"rendered":"https:\/\/www.adsmethod.com\/demolar\/belediye\/2\/?page_id=5713"},"modified":"2024-07-29T11:37:39","modified_gmt":"2024-07-29T08:37:39","slug":"directory-filter","status":"publish","type":"page","link":"https:\/\/www.adsmethod.com\/demolar\/belediye\/2\/directory-filter\/","title":{"rendered":"Directory Filter"},"content":{"rendered":"\t\t<div data-elementor-type=\"wp-page\" data-elementor-id=\"5713\" class=\"elementor elementor-5713\" data-elementor-post-type=\"page\">\n\t\t\t\t\t\t<section class=\"elementor-section elementor-top-section elementor-element elementor-element-d89c30d elementor-section-boxed elementor-section-height-default elementor-section-height-default\" data-id=\"d89c30d\" data-element_type=\"section\">\n\t\t\t\t\t\t<div class=\"elementor-container elementor-column-gap-default\">\n\t\t\t\t\t<div class=\"elementor-column elementor-col-100 elementor-top-column elementor-element elementor-element-73718db\" data-id=\"73718db\" data-element_type=\"column\">\n\t\t\t<div class=\"elementor-widget-wrap elementor-element-populated\">\n\t\t\t\t\t\t<div class=\"elementor-element elementor-element-5fb5e94 elementor-widget elementor-widget-ova_dir_archive\" data-id=\"5fb5e94\" data-element_type=\"widget\" data-settings=\"{&quot;posts_per_page&quot;:6,&quot;cate&quot;:&quot;0&quot;}\" data-widget_type=\"ova_dir_archive.default\">\n\t\t\t\t<div class=\"elementor-widget-container\">\n\t\t\t\n<div class=\"ova-dir-archive three_column\" data-query=\"{&quot;order_by&quot;:&quot;title&quot;,&quot;order&quot;:&quot;ASC&quot;,&quot;posts_per_page&quot;:6,&quot;cate&quot;:0}\">\n\t<ul class=\"list-cat-dir\">\n\t\t<li class=\"item active\">\n\t\t\t<a href=\"https:\/\/www.adsmethod.com\/demolar\/belediye\/2\/ova_dir\/\"\n\t\t\t\tdata-id=\"0\" class=\"cate_name\">\n\t\t\t\tAll\t\t\t<\/a>\n\t\t<\/li>\n\t\t\t\t\t\t\t\t\t\t\t\t\t<li class=\"item \">\n\t\t\t\t\t<a href=\"https:\/\/www.adsmethod.com\/demolar\/belediye\/2\/cat_dir\/education\/\"\n\t\t\t\t\t\tdata-id=\"56\"\n\t\t\t\t\t\tclass=\"cate_name\" title=\"Education\">\n\t\t\t\t\t\tEducation\t\t\t\t\t<\/a>\n\t\t\t\t<\/li>\n\t\t\t\t\t\t\t\t\t\t\t<li class=\"item \">\n\t\t\t\t\t<a href=\"https:\/\/www.adsmethod.com\/demolar\/belediye\/2\/cat_dir\/entertainment\/\"\n\t\t\t\t\t\tdata-id=\"57\"\n\t\t\t\t\t\tclass=\"cate_name\" title=\"Entertainment\">\n\t\t\t\t\t\tEntertainment\t\t\t\t\t<\/a>\n\t\t\t\t<\/li>\n\t\t\t\t\t\t\t\t\t\t\t<li class=\"item \">\n\t\t\t\t\t<a href=\"https:\/\/www.adsmethod.com\/demolar\/belediye\/2\/cat_dir\/public-services\/\"\n\t\t\t\t\t\tdata-id=\"75\"\n\t\t\t\t\t\tclass=\"cate_name\" title=\"Public Services\">\n\t\t\t\t\t\tPublic Services\t\t\t\t\t<\/a>\n\t\t\t\t<\/li>\n\t\t\t\t\t\t<\/ul>\n\t<div class=\"ova-dir-loader\">\n\t\t<div class=\"loader\"><\/div>\n\t<\/div>\n\t<div class=\"ova_dir_archive_content\">\n\t\t\t<div id=\"el_ova_dir_archive_google_map\" data-map=\"{&quot;latitude&quot;:39.177972,&quot;longitude&quot;:-100.36375,&quot;zoom&quot;:3}\" data-properties=\"[{&quot;title&quot;:&quot;Bowling Noktas\\u0131&quot;,&quot;thumbnail&quot;:&quot;https:\\\/\\\/www.adsmethod.com\\\/demolar\\\/belediye\\\/2\\\/wp-content\\\/uploads\\\/2023\\\/09\\\/Bowling-Point-560x350.jpeg&quot;,&quot;image_alt&quot;:&quot;Bowling-Point&quot;,&quot;url&quot;:&quot;https:\\\/\\\/www.adsmethod.com\\\/demolar\\\/belediye\\\/2\\\/ova_dir\\\/bowling-point\\\/&quot;,&quot;address&quot;:&quot;Marriott Royal Hotel, College Green, Bristol, UK&quot;,&quot;position&quot;:{&quot;lat&quot;:&quot;51.45208119999999&quot;,&quot;lng&quot;:&quot;-2.5993536&quot;},&quot;terms&quot;:[{&quot;name&quot;:&quot;Entertainment&quot;,&quot;url&quot;:&quot;https:\\\/\\\/www.adsmethod.com\\\/demolar\\\/belediye\\\/2\\\/cat_dir\\\/entertainment\\\/&quot;},{&quot;name&quot;:&quot;Public Services&quot;,&quot;url&quot;:&quot;https:\\\/\\\/www.adsmethod.com\\\/demolar\\\/belediye\\\/2\\\/cat_dir\\\/public-services\\\/&quot;}]},{&quot;title&quot;:&quot;\\u0130lkokul&quot;,&quot;thumbnail&quot;:&quot;https:\\\/\\\/www.adsmethod.com\\\/demolar\\\/belediye\\\/2\\\/wp-content\\\/uploads\\\/2023\\\/09\\\/Elementary-School-1024x640-1-560x350.jpeg&quot;,&quot;image_alt&quot;:&quot;Elementary-School-1024&#215;640&quot;,&quot;url&quot;:&quot;https:\\\/\\\/www.adsmethod.com\\\/demolar\\\/belediye\\\/2\\\/ova_dir\\\/elementary-school\\\/&quot;,&quot;address&quot;:&quot;12 New York Avenue Northeast, Washington, DC, USA&quot;,&quot;position&quot;:{&quot;lat&quot;:&quot;38.9074585&quot;,&quot;lng&quot;:&quot;-77.0088901&quot;},&quot;terms&quot;:[{&quot;name&quot;:&quot;Education&quot;,&quot;url&quot;:&quot;https:\\\/\\\/www.adsmethod.com\\\/demolar\\\/belediye\\\/2\\\/cat_dir\\\/education\\\/&quot;},{&quot;name&quot;:&quot;Public Services&quot;,&quot;url&quot;:&quot;https:\\\/\\\/www.adsmethod.com\\\/demolar\\\/belediye\\\/2\\\/cat_dir\\\/public-services\\\/&quot;}]},{&quot;title&quot;:&quot;Lise&quot;,&quot;thumbnail&quot;:&quot;https:\\\/\\\/www.adsmethod.com\\\/demolar\\\/belediye\\\/2\\\/wp-content\\\/uploads\\\/2023\\\/09\\\/White-Bird-Inn-1024x640-1-560x350.jpeg&quot;,&quot;image_alt&quot;:&quot;White-Bird-Inn-1024&#215;640&quot;,&quot;url&quot;:&quot;https:\\\/\\\/www.adsmethod.com\\\/demolar\\\/belediye\\\/2\\\/ova_dir\\\/high-school\\\/&quot;,&quot;address&quot;:&quot;Park Street, Bristol, UK&quot;,&quot;position&quot;:{&quot;lat&quot;:&quot;51.45438979999999&quot;,&quot;lng&quot;:&quot;-2.6025892&quot;},&quot;terms&quot;:[{&quot;name&quot;:&quot;Education&quot;,&quot;url&quot;:&quot;https:\\\/\\\/www.adsmethod.com\\\/demolar\\\/belediye\\\/2\\\/cat_dir\\\/education\\\/&quot;},{&quot;name&quot;:&quot;Public Services&quot;,&quot;url&quot;:&quot;https:\\\/\\\/www.adsmethod.com\\\/demolar\\\/belediye\\\/2\\\/cat_dir\\\/public-services\\\/&quot;}]},{&quot;title&quot;:&quot;Postane&quot;,&quot;thumbnail&quot;:&quot;https:\\\/\\\/www.adsmethod.com\\\/demolar\\\/belediye\\\/2\\\/wp-content\\\/uploads\\\/2023\\\/09\\\/Post-office-1024x640-1-560x350.jpeg&quot;,&quot;image_alt&quot;:&quot;Post-office-1024&#215;640&quot;,&quot;url&quot;:&quot;https:\\\/\\\/www.adsmethod.com\\\/demolar\\\/belediye\\\/2\\\/ova_dir\\\/post-office\\\/&quot;,&quot;address&quot;:&quot;Brandon Hill, Park Street, Bristol, UK&quot;,&quot;position&quot;:{&quot;lat&quot;:&quot;51.4530352&quot;,&quot;lng&quot;:&quot;-2.6069989&quot;},&quot;terms&quot;:[{&quot;name&quot;:&quot;Public Services&quot;,&quot;url&quot;:&quot;https:\\\/\\\/www.adsmethod.com\\\/demolar\\\/belediye\\\/2\\\/cat_dir\\\/public-services\\\/&quot;}]},{&quot;title&quot;:&quot;Rekreasyon Merkezi&quot;,&quot;thumbnail&quot;:&quot;https:\\\/\\\/www.adsmethod.com\\\/demolar\\\/belediye\\\/2\\\/wp-content\\\/uploads\\\/2023\\\/09\\\/Recreation-Centre-1024x640-1-560x350.jpeg&quot;,&quot;image_alt&quot;:&quot;Recreation-Centre-1024&#215;640&quot;,&quot;url&quot;:&quot;https:\\\/\\\/www.adsmethod.com\\\/demolar\\\/belediye\\\/2\\\/ova_dir\\\/recreation-centre\\\/&quot;,&quot;address&quot;:&quot;Cabot Tower, Park Street, Bristol, UK&quot;,&quot;position&quot;:{&quot;lat&quot;:&quot;51.4540263&quot;,&quot;lng&quot;:&quot;-2.6068101&quot;},&quot;terms&quot;:[{&quot;name&quot;:&quot;Public Services&quot;,&quot;url&quot;:&quot;https:\\\/\\\/www.adsmethod.com\\\/demolar\\\/belediye\\\/2\\\/cat_dir\\\/public-services\\\/&quot;}]},{&quot;title&quot;:&quot;Samsun Atat\\u00fcrk K\\u00fclt\\u00fcr Merkezi&quot;,&quot;thumbnail&quot;:&quot;https:\\\/\\\/www.adsmethod.com\\\/demolar\\\/belediye\\\/2\\\/wp-content\\\/uploads\\\/2023\\\/09\\\/Theatre-1024x640-1-560x350.jpeg&quot;,&quot;image_alt&quot;:&quot;Theatre-1024&#215;640&quot;,&quot;url&quot;:&quot;https:\\\/\\\/www.adsmethod.com\\\/demolar\\\/belediye\\\/2\\\/ova_dir\\\/townpress-theatre\\\/&quot;,&quot;address&quot;:&quot;Leigh Woods, Bristol, UK&quot;,&quot;position&quot;:{&quot;lat&quot;:&quot;51.451893&quot;,&quot;lng&quot;:&quot;-2.636257999999999&quot;},&quot;terms&quot;:[{&quot;name&quot;:&quot;Entertainment&quot;,&quot;url&quot;:&quot;https:\\\/\\\/www.adsmethod.com\\\/demolar\\\/belediye\\\/2\\\/cat_dir\\\/entertainment\\\/&quot;}]}]\"><\/div>\n\t<div class=\"ova-dir-items\">\n\t\t\t\t\t\t\t\t<div class=\"item\">\n\t\t\t\t\t\t\t\t\t<a href=\"https:\/\/www.adsmethod.com\/demolar\/belediye\/2\/ova_dir\/bowling-point\/\" class=\"thumbnail\" title=\"Bowling Noktas\u0131\"><img fetchpriority=\"high\" decoding=\"async\" width=\"560\" height=\"350\" src=\"https:\/\/www.adsmethod.com\/demolar\/belediye\/2\/wp-content\/uploads\/2023\/09\/Bowling-Point-560x350.jpeg\" class=\"attachment-egovt_blog_thumb size-egovt_blog_thumb wp-post-image\" alt=\"\" srcset=\"https:\/\/www.adsmethod.com\/demolar\/belediye\/2\/wp-content\/uploads\/2023\/09\/Bowling-Point-560x350.jpeg 560w, https:\/\/www.adsmethod.com\/demolar\/belediye\/2\/wp-content\/uploads\/2023\/09\/Bowling-Point-600x375.jpeg 600w, https:\/\/www.adsmethod.com\/demolar\/belediye\/2\/wp-content\/uploads\/2023\/09\/Bowling-Point-300x188.jpeg 300w, https:\/\/www.adsmethod.com\/demolar\/belediye\/2\/wp-content\/uploads\/2023\/09\/Bowling-Point-1024x640.jpeg 1024w, https:\/\/www.adsmethod.com\/demolar\/belediye\/2\/wp-content\/uploads\/2023\/09\/Bowling-Point-768x480.jpeg 768w, https:\/\/www.adsmethod.com\/demolar\/belediye\/2\/wp-content\/uploads\/2023\/09\/Bowling-Point.jpeg 1280w\" sizes=\"(max-width: 560px) 100vw, 560px\" \/><\/a>\n\t\t\t\t\t\t\t\t<div class=\"content\">\n\t\t\t\t\t<h2 class=\"title\">\n\t\t\t\t\t\t<a href=\"https:\/\/www.adsmethod.com\/demolar\/belediye\/2\/ova_dir\/bowling-point\/\" title=\"Bowling Noktas\u0131\">Bowling Noktas\u0131<\/a>\n\t\t\t\t\t<\/h2>\n\t\t\t\t\t<ul class=\"info\">\n\t\t\t\t\t\t\t\t\t\t\t\t\t<li>\n\t\t\t\t\t\t\t\t<i class=\"fas fa-map-marker-alt\" aria-hidden=\"true\"><\/i>\n\t\t\t\t\t\t\t\t<div class=\"text\">Marriott Royal Hotel, College Green, Bristol, UK<\/div class=\"text\">\n\t\t\t\t\t\t\t<\/li>\n\t\t\t\t\t\t\t\t\t\t\t\t<li>\n\t\t\t\t\t\t\t<i class=\"far fa-folder\" aria-hidden=\"true\"><\/i><div class=\"text\"><a href=\"https:\/\/www.adsmethod.com\/demolar\/belediye\/2\/cat_dir\/entertainment\/\" rel=\"tag\">Entertainment<\/a>, <a href=\"https:\/\/www.adsmethod.com\/demolar\/belediye\/2\/cat_dir\/public-services\/\" rel=\"tag\">Public Services<\/a><\/div>\n\t\t\t\t\t\t<\/li>\n\t\t\t\t\t<\/ul>\n\t\t\t\t<\/div>\n\t\t\t<\/div>\n\t\t\t\t\t\t\t\t<div class=\"item\">\n\t\t\t\t\t\t\t\t\t<a href=\"https:\/\/www.adsmethod.com\/demolar\/belediye\/2\/ova_dir\/elementary-school\/\" class=\"thumbnail\" title=\"\u0130lkokul\"><img decoding=\"async\" width=\"560\" height=\"350\" src=\"https:\/\/www.adsmethod.com\/demolar\/belediye\/2\/wp-content\/uploads\/2023\/09\/Elementary-School-1024x640-1-560x350.jpeg\" class=\"attachment-egovt_blog_thumb size-egovt_blog_thumb wp-post-image\" alt=\"\" srcset=\"https:\/\/www.adsmethod.com\/demolar\/belediye\/2\/wp-content\/uploads\/2023\/09\/Elementary-School-1024x640-1-560x350.jpeg 560w, https:\/\/www.adsmethod.com\/demolar\/belediye\/2\/wp-content\/uploads\/2023\/09\/Elementary-School-1024x640-1-600x375.jpeg 600w, https:\/\/www.adsmethod.com\/demolar\/belediye\/2\/wp-content\/uploads\/2023\/09\/Elementary-School-1024x640-1-300x188.jpeg 300w, https:\/\/www.adsmethod.com\/demolar\/belediye\/2\/wp-content\/uploads\/2023\/09\/Elementary-School-1024x640-1-768x480.jpeg 768w, https:\/\/www.adsmethod.com\/demolar\/belediye\/2\/wp-content\/uploads\/2023\/09\/Elementary-School-1024x640-1.jpeg 1024w\" sizes=\"(max-width: 560px) 100vw, 560px\" \/><\/a>\n\t\t\t\t\t\t\t\t<div class=\"content\">\n\t\t\t\t\t<h2 class=\"title\">\n\t\t\t\t\t\t<a href=\"https:\/\/www.adsmethod.com\/demolar\/belediye\/2\/ova_dir\/elementary-school\/\" title=\"\u0130lkokul\">\u0130lkokul<\/a>\n\t\t\t\t\t<\/h2>\n\t\t\t\t\t<ul class=\"info\">\n\t\t\t\t\t\t\t\t\t\t\t\t\t<li>\n\t\t\t\t\t\t\t\t<i class=\"fas fa-map-marker-alt\" aria-hidden=\"true\"><\/i>\n\t\t\t\t\t\t\t\t<div class=\"text\">12 New York Avenue Northeast, Washington, DC, USA<\/div class=\"text\">\n\t\t\t\t\t\t\t<\/li>\n\t\t\t\t\t\t\t\t\t\t\t\t<li>\n\t\t\t\t\t\t\t<i class=\"far fa-folder\" aria-hidden=\"true\"><\/i><div class=\"text\"><a href=\"https:\/\/www.adsmethod.com\/demolar\/belediye\/2\/cat_dir\/education\/\" rel=\"tag\">Education<\/a>, <a href=\"https:\/\/www.adsmethod.com\/demolar\/belediye\/2\/cat_dir\/public-services\/\" rel=\"tag\">Public Services<\/a><\/div>\n\t\t\t\t\t\t<\/li>\n\t\t\t\t\t<\/ul>\n\t\t\t\t<\/div>\n\t\t\t<\/div>\n\t\t\t\t\t\t\t\t<div class=\"item\">\n\t\t\t\t\t\t\t\t\t<a href=\"https:\/\/www.adsmethod.com\/demolar\/belediye\/2\/ova_dir\/high-school\/\" class=\"thumbnail\" title=\"Lise\"><img decoding=\"async\" width=\"560\" height=\"350\" src=\"https:\/\/www.adsmethod.com\/demolar\/belediye\/2\/wp-content\/uploads\/2023\/09\/White-Bird-Inn-1024x640-1-560x350.jpeg\" class=\"attachment-egovt_blog_thumb size-egovt_blog_thumb wp-post-image\" alt=\"\" srcset=\"https:\/\/www.adsmethod.com\/demolar\/belediye\/2\/wp-content\/uploads\/2023\/09\/White-Bird-Inn-1024x640-1-560x350.jpeg 560w, https:\/\/www.adsmethod.com\/demolar\/belediye\/2\/wp-content\/uploads\/2023\/09\/White-Bird-Inn-1024x640-1-600x375.jpeg 600w, https:\/\/www.adsmethod.com\/demolar\/belediye\/2\/wp-content\/uploads\/2023\/09\/White-Bird-Inn-1024x640-1-300x188.jpeg 300w, https:\/\/www.adsmethod.com\/demolar\/belediye\/2\/wp-content\/uploads\/2023\/09\/White-Bird-Inn-1024x640-1-768x480.jpeg 768w, https:\/\/www.adsmethod.com\/demolar\/belediye\/2\/wp-content\/uploads\/2023\/09\/White-Bird-Inn-1024x640-1.jpeg 1024w\" sizes=\"(max-width: 560px) 100vw, 560px\" \/><\/a>\n\t\t\t\t\t\t\t\t<div class=\"content\">\n\t\t\t\t\t<h2 class=\"title\">\n\t\t\t\t\t\t<a href=\"https:\/\/www.adsmethod.com\/demolar\/belediye\/2\/ova_dir\/high-school\/\" title=\"Lise\">Lise<\/a>\n\t\t\t\t\t<\/h2>\n\t\t\t\t\t<ul class=\"info\">\n\t\t\t\t\t\t\t\t\t\t\t\t\t<li>\n\t\t\t\t\t\t\t\t<i class=\"fas fa-map-marker-alt\" aria-hidden=\"true\"><\/i>\n\t\t\t\t\t\t\t\t<div class=\"text\">Park Street, Bristol, UK<\/div class=\"text\">\n\t\t\t\t\t\t\t<\/li>\n\t\t\t\t\t\t\t\t\t\t\t\t<li>\n\t\t\t\t\t\t\t<i class=\"far fa-folder\" aria-hidden=\"true\"><\/i><div class=\"text\"><a href=\"https:\/\/www.adsmethod.com\/demolar\/belediye\/2\/cat_dir\/education\/\" rel=\"tag\">Education<\/a>, <a href=\"https:\/\/www.adsmethod.com\/demolar\/belediye\/2\/cat_dir\/public-services\/\" rel=\"tag\">Public Services<\/a><\/div>\n\t\t\t\t\t\t<\/li>\n\t\t\t\t\t<\/ul>\n\t\t\t\t<\/div>\n\t\t\t<\/div>\n\t\t\t\t\t\t\t\t<div class=\"item\">\n\t\t\t\t\t\t\t\t\t<a href=\"https:\/\/www.adsmethod.com\/demolar\/belediye\/2\/ova_dir\/post-office\/\" class=\"thumbnail\" title=\"Postane\"><img loading=\"lazy\" decoding=\"async\" width=\"560\" height=\"350\" src=\"https:\/\/www.adsmethod.com\/demolar\/belediye\/2\/wp-content\/uploads\/2023\/09\/Post-office-1024x640-1-560x350.jpeg\" class=\"attachment-egovt_blog_thumb size-egovt_blog_thumb wp-post-image\" alt=\"\" srcset=\"https:\/\/www.adsmethod.com\/demolar\/belediye\/2\/wp-content\/uploads\/2023\/09\/Post-office-1024x640-1-560x350.jpeg 560w, https:\/\/www.adsmethod.com\/demolar\/belediye\/2\/wp-content\/uploads\/2023\/09\/Post-office-1024x640-1-600x375.jpeg 600w, https:\/\/www.adsmethod.com\/demolar\/belediye\/2\/wp-content\/uploads\/2023\/09\/Post-office-1024x640-1-300x188.jpeg 300w, https:\/\/www.adsmethod.com\/demolar\/belediye\/2\/wp-content\/uploads\/2023\/09\/Post-office-1024x640-1-768x480.jpeg 768w, https:\/\/www.adsmethod.com\/demolar\/belediye\/2\/wp-content\/uploads\/2023\/09\/Post-office-1024x640-1.jpeg 1024w\" sizes=\"(max-width: 560px) 100vw, 560px\" \/><\/a>\n\t\t\t\t\t\t\t\t<div class=\"content\">\n\t\t\t\t\t<h2 class=\"title\">\n\t\t\t\t\t\t<a href=\"https:\/\/www.adsmethod.com\/demolar\/belediye\/2\/ova_dir\/post-office\/\" title=\"Postane\">Postane<\/a>\n\t\t\t\t\t<\/h2>\n\t\t\t\t\t<ul class=\"info\">\n\t\t\t\t\t\t\t\t\t\t\t\t\t<li>\n\t\t\t\t\t\t\t\t<i class=\"fas fa-map-marker-alt\" aria-hidden=\"true\"><\/i>\n\t\t\t\t\t\t\t\t<div class=\"text\">Brandon Hill, Park Street, Bristol, UK<\/div class=\"text\">\n\t\t\t\t\t\t\t<\/li>\n\t\t\t\t\t\t\t\t\t\t\t\t<li>\n\t\t\t\t\t\t\t<i class=\"far fa-folder\" aria-hidden=\"true\"><\/i><div class=\"text\"><a href=\"https:\/\/www.adsmethod.com\/demolar\/belediye\/2\/cat_dir\/public-services\/\" rel=\"tag\">Public Services<\/a><\/div>\n\t\t\t\t\t\t<\/li>\n\t\t\t\t\t<\/ul>\n\t\t\t\t<\/div>\n\t\t\t<\/div>\n\t\t\t\t\t\t\t\t<div class=\"item\">\n\t\t\t\t\t\t\t\t\t<a href=\"https:\/\/www.adsmethod.com\/demolar\/belediye\/2\/ova_dir\/recreation-centre\/\" class=\"thumbnail\" title=\"Rekreasyon Merkezi\"><img loading=\"lazy\" decoding=\"async\" width=\"560\" height=\"350\" src=\"https:\/\/www.adsmethod.com\/demolar\/belediye\/2\/wp-content\/uploads\/2023\/09\/Recreation-Centre-1024x640-1-560x350.jpeg\" class=\"attachment-egovt_blog_thumb size-egovt_blog_thumb wp-post-image\" alt=\"\" srcset=\"https:\/\/www.adsmethod.com\/demolar\/belediye\/2\/wp-content\/uploads\/2023\/09\/Recreation-Centre-1024x640-1-560x350.jpeg 560w, https:\/\/www.adsmethod.com\/demolar\/belediye\/2\/wp-content\/uploads\/2023\/09\/Recreation-Centre-1024x640-1-600x375.jpeg 600w, https:\/\/www.adsmethod.com\/demolar\/belediye\/2\/wp-content\/uploads\/2023\/09\/Recreation-Centre-1024x640-1-300x188.jpeg 300w, https:\/\/www.adsmethod.com\/demolar\/belediye\/2\/wp-content\/uploads\/2023\/09\/Recreation-Centre-1024x640-1-768x480.jpeg 768w, https:\/\/www.adsmethod.com\/demolar\/belediye\/2\/wp-content\/uploads\/2023\/09\/Recreation-Centre-1024x640-1.jpeg 1024w\" sizes=\"(max-width: 560px) 100vw, 560px\" \/><\/a>\n\t\t\t\t\t\t\t\t<div class=\"content\">\n\t\t\t\t\t<h2 class=\"title\">\n\t\t\t\t\t\t<a href=\"https:\/\/www.adsmethod.com\/demolar\/belediye\/2\/ova_dir\/recreation-centre\/\" title=\"Rekreasyon Merkezi\">Rekreasyon Merkezi<\/a>\n\t\t\t\t\t<\/h2>\n\t\t\t\t\t<ul class=\"info\">\n\t\t\t\t\t\t\t\t\t\t\t\t\t<li>\n\t\t\t\t\t\t\t\t<i class=\"fas fa-map-marker-alt\" aria-hidden=\"true\"><\/i>\n\t\t\t\t\t\t\t\t<div class=\"text\">Cabot Tower, Park Street, Bristol, UK<\/div class=\"text\">\n\t\t\t\t\t\t\t<\/li>\n\t\t\t\t\t\t\t\t\t\t\t\t<li>\n\t\t\t\t\t\t\t<i class=\"far fa-folder\" aria-hidden=\"true\"><\/i><div class=\"text\"><a href=\"https:\/\/www.adsmethod.com\/demolar\/belediye\/2\/cat_dir\/public-services\/\" rel=\"tag\">Public Services<\/a><\/div>\n\t\t\t\t\t\t<\/li>\n\t\t\t\t\t<\/ul>\n\t\t\t\t<\/div>\n\t\t\t<\/div>\n\t\t\t\t\t\t\t\t<div class=\"item\">\n\t\t\t\t\t\t\t\t\t<a href=\"https:\/\/www.adsmethod.com\/demolar\/belediye\/2\/ova_dir\/townpress-theatre\/\" class=\"thumbnail\" title=\"Samsun Atat\u00fcrk K\u00fclt\u00fcr Merkezi\"><img loading=\"lazy\" decoding=\"async\" width=\"560\" height=\"350\" src=\"https:\/\/www.adsmethod.com\/demolar\/belediye\/2\/wp-content\/uploads\/2023\/09\/Theatre-1024x640-1-560x350.jpeg\" class=\"attachment-egovt_blog_thumb size-egovt_blog_thumb wp-post-image\" alt=\"\" srcset=\"https:\/\/www.adsmethod.com\/demolar\/belediye\/2\/wp-content\/uploads\/2023\/09\/Theatre-1024x640-1-560x350.jpeg 560w, https:\/\/www.adsmethod.com\/demolar\/belediye\/2\/wp-content\/uploads\/2023\/09\/Theatre-1024x640-1-600x375.jpeg 600w, https:\/\/www.adsmethod.com\/demolar\/belediye\/2\/wp-content\/uploads\/2023\/09\/Theatre-1024x640-1-300x188.jpeg 300w, https:\/\/www.adsmethod.com\/demolar\/belediye\/2\/wp-content\/uploads\/2023\/09\/Theatre-1024x640-1-768x480.jpeg 768w, https:\/\/www.adsmethod.com\/demolar\/belediye\/2\/wp-content\/uploads\/2023\/09\/Theatre-1024x640-1.jpeg 1024w\" sizes=\"(max-width: 560px) 100vw, 560px\" \/><\/a>\n\t\t\t\t\t\t\t\t<div class=\"content\">\n\t\t\t\t\t<h2 class=\"title\">\n\t\t\t\t\t\t<a href=\"https:\/\/www.adsmethod.com\/demolar\/belediye\/2\/ova_dir\/townpress-theatre\/\" title=\"Samsun Atat\u00fcrk K\u00fclt\u00fcr Merkezi\">Samsun Atat\u00fcrk K\u00fclt\u00fcr Merkezi<\/a>\n\t\t\t\t\t<\/h2>\n\t\t\t\t\t<ul class=\"info\">\n\t\t\t\t\t\t\t\t\t\t\t\t\t<li>\n\t\t\t\t\t\t\t\t<i class=\"fas fa-map-marker-alt\" aria-hidden=\"true\"><\/i>\n\t\t\t\t\t\t\t\t<div class=\"text\">Leigh Woods, Bristol, UK<\/div class=\"text\">\n\t\t\t\t\t\t\t<\/li>\n\t\t\t\t\t\t\t\t\t\t\t\t<li>\n\t\t\t\t\t\t\t<i class=\"far fa-folder\" aria-hidden=\"true\"><\/i><div class=\"text\"><a href=\"https:\/\/www.adsmethod.com\/demolar\/belediye\/2\/cat_dir\/entertainment\/\" rel=\"tag\">Entertainment<\/a><\/div>\n\t\t\t\t\t\t<\/li>\n\t\t\t\t\t<\/ul>\n\t\t\t\t<\/div>\n\t\t\t<\/div>\n\t\t\t<\/div>\n\t\t<div class=\"ova_dir_pagination_ajax\"\n\t\tdata-args=\"{&quot;order_by&quot;:&quot;title&quot;,&quot;order&quot;:&quot;ASC&quot;,&quot;posts_per_page&quot;:6,&quot;cate&quot;:0}\">\n\t\t<nav class=\"navigation pagination\">\n\t\t\t<div class=\"nav-links\">\n\t\t\t\t<ul class=\"page-numbers\">\n\t\t\t\t\t\t\t\t\t\t\t<li>\n\t\t\t\t\t\t\t\t\t\t\t\t\t\t\t<span aria-current=\"page\" class=\"page-numbers current\">\n\t\t\t\t\t\t\t\t\t1\t\t\t\t\t\t\t\t<\/span>\n\t\t\t\t\t\t\t\t\t\t\t\t\t<\/li>\n\t\t\t\t\t\t\t\t\t\t\t<li>\n\t\t\t\t\t\t\t\t\t\t\t\t\t\t\t\t\t\t\t\t\t<a href=\"#\" class=\"page-numbers\"\n\t\t\t\t\t\t\t\tdata-offset=\"6\"\n\t\t\t\t\t\t\t\tdata-page=\"2\">\n\t\t\t\t\t\t\t\t2\t\t\t\t\t\t\t<\/a>\n\t\t\t\t\t\t\t\t\t\t\t\t\t<\/li>\n\t\t\t\t\t\n\t\t\t\t\t\t\t\t\t\t\t<li>\n\t\t\t\t\t\t\t<a class=\"next page-numbers\" href=\"#\"\n\t\t\t\t\t\t\taria-label=\"Next Page\"\n\t\t\t\t\t\t\tdata-offset=\"6\"\n\t\t\t\t\t\t\tdata-page=\"2\">\n\t\t\t\t\t\t\t<i class=\"arrow_carrot-right\"><\/i>\n\t\t\t\t\t\t\t<\/a>\n\t\t\t\t\t\t<\/li>\n\t\t\t\t\t\n\t\t\t\t<\/ul>\n\t\t\t<\/div>\n\t\t<\/nav>\n\t<\/div>\n\t<\/div>\n<\/div>\t\t<\/div>\n\t\t\t\t<\/div>\n\t\t\t\t\t<\/div>\n\t\t<\/div>\n\t\t\t\t\t<\/div>\n\t\t<\/section>\n\t\t\t\t<\/div>\n\t\t","protected":false},"excerpt":{"rendered":"<p>All Education Entertainment Public Services Bowling Point Marriott Royal Hotel, College Green, Bristol, UK Entertainment, Public Services Community Centre University of Bristol, Queens Road, Bristol, UK Entertainment Downtown Cinema Spike Island, Bristol, UK Entertainment, Public Services Elementary School 12 New York Avenue Northeast, Washington, DC, USA Education, Public Services High School Park Street, Bristol, UK [&hellip;]<\/p>\n","protected":false},"author":1,"featured_media":0,"parent":0,"menu_order":0,"comment_status":"closed","ping_status":"closed","template":"elementor_header_footer","meta":{"footnotes":""},"class_list":["post-5713","page","type-page","status-publish","hentry"],"_links":{"self":[{"href":"https:\/\/www.adsmethod.com\/demolar\/belediye\/2\/wp-json\/wp\/v2\/pages\/5713","targetHints":{"allow":["GET"]}}],"collection":[{"href":"https:\/\/www.adsmethod.com\/demolar\/belediye\/2\/wp-json\/wp\/v2\/pages"}],"about":[{"href":"https:\/\/www.adsmethod.com\/demolar\/belediye\/2\/wp-json\/wp\/v2\/types\/page"}],"author":[{"embeddable":true,"href":"https:\/\/www.adsmethod.com\/demolar\/belediye\/2\/wp-json\/wp\/v2\/users\/1"}],"replies":[{"embeddable":true,"href":"https:\/\/www.adsmethod.com\/demolar\/belediye\/2\/wp-json\/wp\/v2\/comments?post=5713"}],"version-history":[{"count":1,"href":"https:\/\/www.adsmethod.com\/demolar\/belediye\/2\/wp-json\/wp\/v2\/pages\/5713\/revisions"}],"predecessor-version":[{"id":5812,"href":"https:\/\/www.adsmethod.com\/demolar\/belediye\/2\/wp-json\/wp\/v2\/pages\/5713\/revisions\/5812"}],"wp:attachment":[{"href":"https:\/\/www.adsmethod.com\/demolar\/belediye\/2\/wp-json\/wp\/v2\/media?parent=5713"}],"curies":[{"name":"wp","href":"https:\/\/api.w.org\/{rel}","templated":true}]}}